{"id":2,"date":"2023-05-13T19:53:29","date_gmt":"2023-05-13T16:53:29","guid":{"rendered":"https:\/\/www.japonser.com\/?page_id=2"},"modified":"2025-05-26T11:16:56","modified_gmt":"2025-05-26T08:16:56","slug":"ornek-sayfa","status":"publish","type":"page","link":"http:\/\/www.japonser.com\/index.php\/ornek-sayfa\/","title":{"rendered":"JS JAPON KORE YEDEK PAR\u00c7A"},"content":{"rendered":"\n<figure class=\"wp-block-image\"><img decoding=\"async\" src=\"https:\/\/jsjaponkore.com\/wp-content\/uploads\/2020\/12\/japon-par-yenii-logolu-1024x104.png\" alt=\"\" class=\"wp-image-757\"\/><\/figure>\n\n\n\n<p><strong>JS Japon Kore&nbsp;<\/strong>alan\u0131nda uzmanla\u015fm\u0131\u015f kadrosu ve 30 y\u0131l\u0131 a\u015fk\u0131n tecr\u00fcbesi sayesinde siz de\u011ferli m\u00fc\u015fterilerimize en uygun \u00fccretle en kaliteli hizmet vermeyi ilke edinmi\u015f bir firmad\u0131r.<\/p>\n\n\n\n<p>Firmam\u0131z i\u015f ortakl\u0131\u011f\u0131 b\u00fcnyesinde yer alan baz\u0131 referanslar\u0131m\u0131z sizlere kalitenin tesad\u00fcf olmad\u0131\u011f\u0131n\u0131 ispatlar niteliktedir.<\/p>\n\n\n\n<p>\u00d6nceli\u011fimiz siz de\u011ferli m\u00fc\u015fterilerimize kaliteli hizmet ve \u00fcr\u00fcn\u00fc uygun fiyata verme kanallar\u0131nda uzun u\u011fra\u015flar sonucu elde etmi\u015f oldu\u011fumuz vizyonumuzdur.<\/p>\n\n\n\n<p>Ankara\u2019da bulunan en geni\u015f Japon \u2013 Kore yedek par\u00e7a a\u011f sisteminin kurucusu olan JS JAPON KORE olarak hizmet aral\u0131\u011f\u0131m\u0131z\u0131 g\u00fcn ge\u00e7tik\u00e7e geni\u015fletiyor ve daha iyi imkanlar sunma yolunda ilerliyoruz.<\/p>\n\n\n\n<p>Neden mi JS JAPON KORE ?<\/p>\n\n\n\n<p><strong><em>\u00c7\u00fcnk\u00fc Kalite Tesad\u00fcf De\u011fildir\u2026<\/em><\/strong><\/p>\n\n\n\n<p><\/p>\n\n\n\n<p><strong>JS JAPON KORE OTO YEDEK PAR\u00c7A<\/strong><\/p>\n\n\n\n<p><strong>Adres<\/strong>: \u0130vedik OSB Mah. 1341. Cad. No: 126<\/p>\n\n\n\n<p>Yenimahalle \/ ANKARA<\/p>\n\n\n\n<p><strong>Tel<\/strong>: 0312 394 32 52<\/p>\n\n\n\n<p><strong>WhatsApp<\/strong>: https:\/\/wa.me\/5377919059<\/p>\n\n\n\n<p><strong>E-Posta<\/strong>:&nbsp;yedekparca@jsjaponkore.com<\/p>\n\n\n\n<iframe src=\"https:\/\/www.google.com\/maps\/embed?pb=!1m14!1m8!1m3!1d540.2974610020797!2d32.755462774803554!3d39.99986964235737!3m2!1i1024!2i768!4f13.1!3m3!1m2!1s0x14d34be2edee5155%3A0x596805e84af38771!2sJS%20Japon%20Kore%20Oto%20Yedek%20Par%C3%A7a!5e0!3m2!1str!2str!4v1684005090457!5m2!1str!2str\" width=\"600\" height=\"450\" style=\"border:0;\" allowfullscreen=\"\" loading=\"lazy\" referrerpolicy=\"no-referrer-when-downgrade\"><\/iframe>\n","protected":false},"excerpt":{"rendered":"<p>JS Japon Kore&nbsp;alan\u0131nda uzmanla\u015fm\u0131\u015f kadrosu ve 30 y\u0131l\u0131 a\u015fk\u0131n tecr\u00fcbesi sayesinde siz de\u011ferli m\u00fc\u015fterilerimize en uygun \u00fccretle en kaliteli hizmet vermeyi ilke edinmi\u015f bir firmad\u0131r. Firmam\u0131z i\u015f ortakl\u0131\u011f\u0131 b\u00fcnyesinde yer alan baz\u0131 referanslar\u0131m\u0131z sizlere kalitenin tesad\u00fcf olmad\u0131\u011f\u0131n\u0131 ispatlar niteliktedir. \u00d6nceli\u011fimiz siz de\u011ferli m\u00fc\u015fterilerimize kaliteli hizmet ve \u00fcr\u00fcn\u00fc uygun fiyata verme [&hellip;]<\/p>\n","protected":false},"author":1,"featured_media":0,"parent":0,"menu_order":0,"comment_status":"closed","ping_status":"open","template":"","meta":{"footnotes":""},"class_list":["post-2","page","type-page","status-publish","hentry"],"_links":{"self":[{"href":"http:\/\/www.japonser.com\/index.php\/wp-json\/wp\/v2\/pages\/2","targetHints":{"allow":["GET"]}}],"collection":[{"href":"http:\/\/www.japonser.com\/index.php\/wp-json\/wp\/v2\/pages"}],"about":[{"href":"http:\/\/www.japonser.com\/index.php\/wp-json\/wp\/v2\/types\/page"}],"author":[{"embeddable":true,"href":"http:\/\/www.japonser.com\/index.php\/wp-json\/wp\/v2\/users\/1"}],"replies":[{"embeddable":true,"href":"http:\/\/www.japonser.com\/index.php\/wp-json\/wp\/v2\/comments?post=2"}],"version-history":[{"count":3,"href":"http:\/\/www.japonser.com\/index.php\/wp-json\/wp\/v2\/pages\/2\/revisions"}],"predecessor-version":[{"id":105,"href":"http:\/\/www.japonser.com\/index.php\/wp-json\/wp\/v2\/pages\/2\/revisions\/105"}],"wp:attachment":[{"href":"http:\/\/www.japonser.com\/index.php\/wp-json\/wp\/v2\/media?parent=2"}],"curies":[{"name":"wp","href":"https:\/\/api.w.org\/{rel}","templated":true}]}}