{"id":13,"date":"2023-05-13T20:08:22","date_gmt":"2023-05-13T17:08:22","guid":{"rendered":"https:\/\/www.japonser.com\/?page_id=13"},"modified":"2023-05-13T22:10:26","modified_gmt":"2023-05-13T19:10:26","slug":"home","status":"publish","type":"page","link":"https:\/\/www.japonser.com\/","title":{"rendered":"Anasayfa"},"content":{"rendered":"\n<div class=\"wp-block-cover alignfull is-light hestia-clear-top-padding\"><span aria-hidden=\"true\" class=\"wp-block-cover__background has-white-background-color has-background-dim-100 has-background-dim\"><\/span><div class=\"wp-block-cover__inner-container is-layout-flow wp-block-cover-is-layout-flow\">\n<h2 class=\"wp-block-heading has-text-align-center has-text-color\" style=\"color:#3c4858\">JAPON &amp;KORE YEDEK PAR\u00c7A A\u011eIMIZ<\/h2>\n\n\n\n<div style=\"height:40px\" aria-hidden=\"true\" class=\"wp-block-spacer\"><\/div>\n\n\n\n<div class=\"wp-block-columns container is-layout-flex wp-container-core-columns-is-layout-9d6595d7 wp-block-columns-is-layout-flex\">\n<div class=\"wp-block-column is-layout-flow wp-block-column-is-layout-flow\"><div class=\"wp-block-image\">\n<figure class=\"aligncenter size-large\"><img decoding=\"async\" src=\"https:\/\/www.japonser.com\/wp-content\/themes\/hestia\/assets\/img\/feat1.png\" alt=\"\" class=\"wp-image-70\"\/><\/figure>\n<\/div>\n\n\n<h5 class=\"wp-block-heading has-text-align-center has-text-color\" style=\"color:#3c4858;font-size:18px\">Zengin Marka A\u011f\u0131<\/h5>\n\n\n\n<p class=\"has-text-align-center has-text-color\" style=\"color:#999999;font-size:14px\">Hyundai &#8211; Kia &#8211; Honda &#8211; Toyota &#8211; Nissan &#8211; Mazda gibi t\u00fcm Kore ve Japon men\u015fei ara\u00e7lara ait yedek par\u00e7alar\u0131 depolar\u0131m\u0131zda s\u00fcrekli g\u00fcncel stok ile bulunduruyoruz.<\/p>\n\n\n\n<div style=\"height:25px\" aria-hidden=\"true\" class=\"wp-block-spacer\"><\/div>\n<\/div>\n\n\n\n<div class=\"wp-block-column is-layout-flow wp-block-column-is-layout-flow\"><div class=\"wp-block-image\">\n<figure class=\"aligncenter size-large\"><img decoding=\"async\" src=\"https:\/\/www.japonser.com\/wp-content\/themes\/hestia\/assets\/img\/feat2.png\" alt=\"\" class=\"wp-image-71\"\/><\/figure>\n<\/div>\n\n\n<h5 class=\"wp-block-heading has-text-align-center has-text-color\" style=\"color:#3c4858;font-size:18px\">Kaliteli Par\u00e7a<\/h5>\n\n\n\n<p class=\"has-text-align-center has-text-color\" style=\"color:#999999;font-size:14px\">Markalara ait olan yedek par\u00e7alar\u0131n tamam\u0131 gerekli testlerden ge\u00e7tikten sonra depolar\u0131m\u0131za girmektedir. \u00dcretim kaynakl\u0131 ar\u0131zal\u0131 her par\u00e7a birebir de\u011fi\u015ftirilir.<\/p>\n\n\n\n<div style=\"height:25px\" aria-hidden=\"true\" class=\"wp-block-spacer\"><\/div>\n<\/div>\n\n\n\n<div class=\"wp-block-column is-layout-flow wp-block-column-is-layout-flow\"><div class=\"wp-block-image\">\n<figure class=\"aligncenter size-large\"><img decoding=\"async\" src=\"https:\/\/www.japonser.com\/wp-content\/themes\/hestia\/assets\/img\/feat3.png\" alt=\"\" class=\"wp-image-72\"\/><\/figure>\n<\/div>\n\n\n<h5 class=\"wp-block-heading has-text-align-center has-text-color\" style=\"color:#3c4858;font-size:18px\">Uygun Fiyat<\/h5>\n\n\n\n<p class=\"has-text-align-center has-text-color\" style=\"color:#999999;font-size:14px\">T\u00fcm bu marka zincirlerinin yedek par\u00e7alar\u0131n\u0131 eri\u015fim kolayl\u0131\u011f\u0131 verirken kaliteden \u00f6d\u00fcn vermeden sizin cebinizi de d\u00fc\u015f\u00fcnerek uygun fiyat sunuyoruz.<\/p>\n\n\n\n<div style=\"height:25px\" aria-hidden=\"true\" class=\"wp-block-spacer\"><\/div>\n<\/div>\n<\/div>\n\n\n\n<div style=\"height:40px\" aria-hidden=\"true\" class=\"wp-block-spacer\"><\/div>\n<\/div><\/div>\n\n\n\n<div class=\"wp-block-columns container is-layout-flex wp-container-core-columns-is-layout-9d6595d7 wp-block-columns-is-layout-flex\">\n<div class=\"wp-block-column col-md-5 is-layout-flow wp-block-column-is-layout-flow\">\n<div style=\"height:55px\" aria-hidden=\"true\" class=\"wp-block-spacer\"><\/div>\n\n\n\n<h2 class=\"wp-block-heading\">Firmalar\u0131m\u0131z Hakk\u0131nda<\/h2>\n\n\n\n<p>Uzun y\u0131llard\u0131r sahip oldu\u011fumuz bilgi ve tecr\u00fcbeyi , siz de\u011ferli m\u00fc\u015fterilerimiz&nbsp; ile payla\u015fmaktan Japonser Hyundai \u00d6zel Servis olarak heyecan duyuyoruz.<\/p>\n\n\n\n<p>Ayr\u0131ca Ankara\u2019da bulunan en geni\u015f Japon \u2013 Kore yedek par\u00e7a a\u011f\u0131 sisteminin kurucusu olan JS Japon Kore olarak hizmet aral\u0131\u011f\u0131m\u0131z\u0131 g\u00fcn ge\u00e7tik\u00e7e geni\u015fletiyor ve daha iyi imkanlar sunma yolunda ilerliyoruz.<\/p>\n<\/div>\n\n\n\n<div class=\"wp-block-column col-md-6 col-md-offset1 is-layout-flow wp-block-column-is-layout-flow\">\n<div style=\"height:55px\" aria-hidden=\"true\" class=\"wp-block-spacer\"><\/div>\n\n\n<div class=\"wp-block-image\">\n<figure class=\"aligncenter size-full is-resized\"><img loading=\"lazy\" decoding=\"async\" src=\"https:\/\/www.japonser.com\/wp-content\/uploads\/2023\/05\/japon-par-yenii-logolu-1024x104-1.png\" alt=\"\" class=\"wp-image-47\" width=\"402\" height=\"40\" srcset=\"https:\/\/www.japonser.com\/wp-content\/uploads\/2023\/05\/japon-par-yenii-logolu-1024x104-1.png 1024w, https:\/\/www.japonser.com\/wp-content\/uploads\/2023\/05\/japon-par-yenii-logolu-1024x104-1-300x30.png 300w, https:\/\/www.japonser.com\/wp-content\/uploads\/2023\/05\/japon-par-yenii-logolu-1024x104-1-768x78.png 768w\" sizes=\"auto, (max-width: 402px) 100vw, 402px\" \/><\/figure>\n<\/div>\n\n\n<div style=\"height:100px\" aria-hidden=\"true\" class=\"wp-block-spacer\"><\/div>\n\n\n<div class=\"wp-block-image\">\n<figure class=\"aligncenter size-large is-resized\"><img loading=\"lazy\" decoding=\"async\" src=\"https:\/\/www.japonser.com\/wp-content\/uploads\/2023\/05\/Japonsel-Hyundai-Logo-1024x628.png\" alt=\"\" class=\"wp-image-46\" width=\"251\" height=\"153\" srcset=\"https:\/\/www.japonser.com\/wp-content\/uploads\/2023\/05\/Japonsel-Hyundai-Logo-1024x628.png 1024w, https:\/\/www.japonser.com\/wp-content\/uploads\/2023\/05\/Japonsel-Hyundai-Logo-300x184.png 300w, https:\/\/www.japonser.com\/wp-content\/uploads\/2023\/05\/Japonsel-Hyundai-Logo-768x471.png 768w, https:\/\/www.japonser.com\/wp-content\/uploads\/2023\/05\/Japonsel-Hyundai-Logo-1536x942.png 1536w, https:\/\/www.japonser.com\/wp-content\/uploads\/2023\/05\/Japonsel-Hyundai-Logo.png 1597w\" sizes=\"auto, (max-width: 251px) 100vw, 251px\" \/><\/figure>\n<\/div>\n\n\n<p><\/p>\n<\/div>\n<\/div>\n","protected":false},"excerpt":{"rendered":"<p>Firmalar\u0131m\u0131z Hakk\u0131nda Uzun y\u0131llard\u0131r sahip oldu\u011fumuz bilgi ve tecr\u00fcbeyi , siz de\u011ferli m\u00fc\u015fterilerimiz&nbsp; ile payla\u015fmaktan Japonser Hyundai \u00d6zel Servis olarak heyecan duyuyoruz. Ayr\u0131ca Ankara\u2019da bulunan en geni\u015f Japon \u2013 Kore yedek par\u00e7a a\u011f\u0131 sisteminin kurucusu olan JS Japon Kore olarak hizmet aral\u0131\u011f\u0131m\u0131z\u0131 g\u00fcn ge\u00e7tik\u00e7e geni\u015fletiyor ve daha iyi imkanlar sunma [&hellip;]<\/p>\n","protected":false},"author":1,"featured_media":75,"parent":0,"menu_order":0,"comment_status":"closed","ping_status":"closed","template":"","meta":{"footnotes":""},"class_list":["post-13","page","type-page","status-publish","has-post-thumbnail","hentry"],"_links":{"self":[{"href":"https:\/\/www.japonser.com\/index.php\/wp-json\/wp\/v2\/pages\/13","targetHints":{"allow":["GET"]}}],"collection":[{"href":"https:\/\/www.japonser.com\/index.php\/wp-json\/wp\/v2\/pages"}],"about":[{"href":"https:\/\/www.japonser.com\/index.php\/wp-json\/wp\/v2\/types\/page"}],"author":[{"embeddable":true,"href":"https:\/\/www.japonser.com\/index.php\/wp-json\/wp\/v2\/users\/1"}],"replies":[{"embeddable":true,"href":"https:\/\/www.japonser.com\/index.php\/wp-json\/wp\/v2\/comments?post=13"}],"version-history":[{"count":6,"href":"https:\/\/www.japonser.com\/index.php\/wp-json\/wp\/v2\/pages\/13\/revisions"}],"predecessor-version":[{"id":83,"href":"https:\/\/www.japonser.com\/index.php\/wp-json\/wp\/v2\/pages\/13\/revisions\/83"}],"wp:featuredmedia":[{"embeddable":true,"href":"https:\/\/www.japonser.com\/index.php\/wp-json\/wp\/v2\/media\/75"}],"wp:attachment":[{"href":"https:\/\/www.japonser.com\/index.php\/wp-json\/wp\/v2\/media?parent=13"}],"curies":[{"name":"wp","href":"https:\/\/api.w.org\/{rel}","templated":true}]}}